{"id":2589,"date":"2024-09-09T15:33:18","date_gmt":"2024-09-09T15:33:18","guid":{"rendered":"https:\/\/quintadeadorigo.com\/my-account\/"},"modified":"2025-07-23T16:57:12","modified_gmt":"2025-07-23T16:57:12","slug":"my-account","status":"publish","type":"page","link":"https:\/\/quintadeadorigo.com\/en\/my-account\/","title":{"rendered":"My account"},"content":{"rendered":"\t\t<div data-elementor-type=\"wp-page\" data-elementor-id=\"2589\" class=\"elementor elementor-2589 elementor-2566\" data-elementor-post-type=\"page\">\n\t\t\t\t<div class=\"elementor-element elementor-element-a972108 e-flex e-con-boxed e-con e-parent\" data-id=\"a972108\" data-element_type=\"container\" data-settings=\"{&quot;background_background&quot;:&quot;classic&quot;}\">\n\t\t\t\t\t<div class=\"e-con-inner\">\n\t\t\t\t<div class=\"elementor-element elementor-element-1f79d16 elementor-widget elementor-widget-heading\" data-id=\"1f79d16\" data-element_type=\"widget\" data-widget_type=\"heading.default\">\n\t\t\t\t<div class=\"elementor-widget-container\">\n\t\t\t\t\t<h2 class=\"elementor-heading-title elementor-size-default\">My account<\/h2>\t\t\t\t<\/div>\n\t\t\t\t<\/div>\n\t\t\t\t<div class=\"elementor-element elementor-element-271b572 e-my-account-tabs-vertical elementor-widget elementor-widget-woocommerce-my-account\" data-id=\"271b572\" data-element_type=\"widget\" data-widget_type=\"woocommerce-my-account.default\">\n\t\t\t\t<div class=\"elementor-widget-container\">\n\t\t\t\t\t<div class=\"e-my-account-tab e-my-account-tab__ \">\t\t\t<div class=\"woocommerce\"><\/div>\t\t<\/div>\n\t\t\t\t\t\t<\/div>\n\t\t\t\t<\/div>\n\t\t\t\t\t<\/div>\n\t\t\t\t<\/div>\n\t\t\t\t<\/div>\n\t\t","protected":false},"excerpt":{"rendered":"<p>My account Beginning Orders Downloads Addresses My account Exit Ol\u00e1 Ana Moreira (n\u00e3o \u00e9 Ana Moreira? Sair) No painel da sua conta pode ver as encomendas mais recentes, gerir as moradas de envio e de factura\u00e7\u00e3o e editar os detalhes e a senha da conta.<\/p>\n","protected":false},"author":1,"featured_media":0,"parent":0,"menu_order":0,"comment_status":"closed","ping_status":"closed","template":"","meta":{"_acf_changed":false,"footnotes":""},"class_list":["post-2589","page","type-page","status-publish","hentry"],"acf":[],"yoast_head":"<!-- This site is optimized with the Yoast SEO plugin v25.6 - https:\/\/yoast.com\/wordpress\/plugins\/seo\/ -->\n<title>My account - Quinta de Adorigo<\/title>\n<meta name=\"description\" content=\"Access your Quinta de Adorigo account to manage orders, addresses and personal information securely.\" \/>\n<meta name=\"robots\" content=\"index, follow, max-snippet:-1, max-image-preview:large, max-video-preview:-1\" \/>\n<link rel=\"canonical\" href=\"https:\/\/quintadeadorigo.com\/en\/my-account\/\" \/>\n<meta property=\"og:locale\" content=\"en_US\" \/>\n<meta property=\"og:type\" content=\"article\" \/>\n<meta property=\"og:title\" content=\"My account - Quinta de Adorigo\" \/>\n<meta property=\"og:description\" content=\"Access your Quinta de Adorigo account to manage orders, addresses and personal information securely.\" \/>\n<meta property=\"og:url\" content=\"https:\/\/quintadeadorigo.com\/en\/my-account\/\" \/>\n<meta property=\"og:site_name\" content=\"Quinta de Adorigo\" \/>\n<meta property=\"article:modified_time\" content=\"2025-07-23T16:57:12+00:00\" \/>\n<meta name=\"twitter:card\" content=\"summary_large_image\" \/>\n<meta name=\"twitter:label1\" content=\"Est. reading time\" \/>\n\t<meta name=\"twitter:data1\" content=\"1 minute\" \/>\n<script type=\"application\/ld+json\" class=\"yoast-schema-graph\">{\"@context\":\"https:\/\/schema.org\",\"@graph\":[{\"@type\":\"WebPage\",\"@id\":\"https:\/\/quintadeadorigo.com\/en\/my-account\/\",\"url\":\"https:\/\/quintadeadorigo.com\/en\/my-account\/\",\"name\":\"My account - Quinta de Adorigo\",\"isPartOf\":{\"@id\":\"https:\/\/quintadeadorigo.com\/#website\"},\"datePublished\":\"2024-09-09T15:33:18+00:00\",\"dateModified\":\"2025-07-23T16:57:12+00:00\",\"description\":\"Access your Quinta de Adorigo account to manage orders, addresses and personal information securely.\",\"breadcrumb\":{\"@id\":\"https:\/\/quintadeadorigo.com\/en\/my-account\/#breadcrumb\"},\"inLanguage\":\"en-US\",\"potentialAction\":[{\"@type\":\"ReadAction\",\"target\":[\"https:\/\/quintadeadorigo.com\/en\/my-account\/\"]}]},{\"@type\":\"BreadcrumbList\",\"@id\":\"https:\/\/quintadeadorigo.com\/en\/my-account\/#breadcrumb\",\"itemListElement\":[{\"@type\":\"ListItem\",\"position\":1,\"name\":\"In\u00edcio\",\"item\":\"https:\/\/quintadeadorigo.com\/en\/\"},{\"@type\":\"ListItem\",\"position\":2,\"name\":\"My account\"}]},{\"@type\":\"WebSite\",\"@id\":\"https:\/\/quintadeadorigo.com\/#website\",\"url\":\"https:\/\/quintadeadorigo.com\/\",\"name\":\"Quinta de Adorigo\",\"description\":\"A Ess\u00eancia do Douro\",\"publisher\":{\"@id\":\"https:\/\/quintadeadorigo.com\/#organization\"},\"potentialAction\":[{\"@type\":\"SearchAction\",\"target\":{\"@type\":\"EntryPoint\",\"urlTemplate\":\"https:\/\/quintadeadorigo.com\/?s={search_term_string}\"},\"query-input\":{\"@type\":\"PropertyValueSpecification\",\"valueRequired\":true,\"valueName\":\"search_term_string\"}}],\"inLanguage\":\"en-US\"},{\"@type\":\"Organization\",\"@id\":\"https:\/\/quintadeadorigo.com\/#organization\",\"name\":\"Quinta de Adorigo\",\"url\":\"https:\/\/quintadeadorigo.com\/\",\"logo\":{\"@type\":\"ImageObject\",\"inLanguage\":\"en-US\",\"@id\":\"https:\/\/quintadeadorigo.com\/#\/schema\/logo\/image\/\",\"url\":\"https:\/\/quintadeadorigo.com\/wp-content\/uploads\/2024\/03\/Group-3@2x.png\",\"contentUrl\":\"https:\/\/quintadeadorigo.com\/wp-content\/uploads\/2024\/03\/Group-3@2x.png\",\"width\":631,\"height\":50,\"caption\":\"Quinta de Adorigo\"},\"image\":{\"@id\":\"https:\/\/quintadeadorigo.com\/#\/schema\/logo\/image\/\"}}]}<\/script>\n<!-- \/ Yoast SEO plugin. -->","yoast_head_json":{"title":"My account - Quinta de Adorigo","description":"Access your Quinta de Adorigo account to manage orders, addresses and personal information securely.","robots":{"index":"index","follow":"follow","max-snippet":"max-snippet:-1","max-image-preview":"max-image-preview:large","max-video-preview":"max-video-preview:-1"},"canonical":"https:\/\/quintadeadorigo.com\/en\/my-account\/","og_locale":"en_US","og_type":"article","og_title":"My account - Quinta de Adorigo","og_description":"Access your Quinta de Adorigo account to manage orders, addresses and personal information securely.","og_url":"https:\/\/quintadeadorigo.com\/en\/my-account\/","og_site_name":"Quinta de Adorigo","article_modified_time":"2025-07-23T16:57:12+00:00","twitter_card":"summary_large_image","twitter_misc":{"Est. reading time":"1 minute"},"schema":{"@context":"https:\/\/schema.org","@graph":[{"@type":"WebPage","@id":"https:\/\/quintadeadorigo.com\/en\/my-account\/","url":"https:\/\/quintadeadorigo.com\/en\/my-account\/","name":"My account - Quinta de Adorigo","isPartOf":{"@id":"https:\/\/quintadeadorigo.com\/#website"},"datePublished":"2024-09-09T15:33:18+00:00","dateModified":"2025-07-23T16:57:12+00:00","description":"Access your Quinta de Adorigo account to manage orders, addresses and personal information securely.","breadcrumb":{"@id":"https:\/\/quintadeadorigo.com\/en\/my-account\/#breadcrumb"},"inLanguage":"en-US","potentialAction":[{"@type":"ReadAction","target":["https:\/\/quintadeadorigo.com\/en\/my-account\/"]}]},{"@type":"BreadcrumbList","@id":"https:\/\/quintadeadorigo.com\/en\/my-account\/#breadcrumb","itemListElement":[{"@type":"ListItem","position":1,"name":"In\u00edcio","item":"https:\/\/quintadeadorigo.com\/en\/"},{"@type":"ListItem","position":2,"name":"My account"}]},{"@type":"WebSite","@id":"https:\/\/quintadeadorigo.com\/#website","url":"https:\/\/quintadeadorigo.com\/","name":"Quinta de Adorigo","description":"A Ess\u00eancia do Douro","publisher":{"@id":"https:\/\/quintadeadorigo.com\/#organization"},"potentialAction":[{"@type":"SearchAction","target":{"@type":"EntryPoint","urlTemplate":"https:\/\/quintadeadorigo.com\/?s={search_term_string}"},"query-input":{"@type":"PropertyValueSpecification","valueRequired":true,"valueName":"search_term_string"}}],"inLanguage":"en-US"},{"@type":"Organization","@id":"https:\/\/quintadeadorigo.com\/#organization","name":"Quinta de Adorigo","url":"https:\/\/quintadeadorigo.com\/","logo":{"@type":"ImageObject","inLanguage":"en-US","@id":"https:\/\/quintadeadorigo.com\/#\/schema\/logo\/image\/","url":"https:\/\/quintadeadorigo.com\/wp-content\/uploads\/2024\/03\/Group-3@2x.png","contentUrl":"https:\/\/quintadeadorigo.com\/wp-content\/uploads\/2024\/03\/Group-3@2x.png","width":631,"height":50,"caption":"Quinta de Adorigo"},"image":{"@id":"https:\/\/quintadeadorigo.com\/#\/schema\/logo\/image\/"}}]}},"_links":{"self":[{"href":"https:\/\/quintadeadorigo.com\/en\/wp-json\/wp\/v2\/pages\/2589"}],"collection":[{"href":"https:\/\/quintadeadorigo.com\/en\/wp-json\/wp\/v2\/pages"}],"about":[{"href":"https:\/\/quintadeadorigo.com\/en\/wp-json\/wp\/v2\/types\/page"}],"author":[{"embeddable":true,"href":"https:\/\/quintadeadorigo.com\/en\/wp-json\/wp\/v2\/users\/1"}],"replies":[{"embeddable":true,"href":"https:\/\/quintadeadorigo.com\/en\/wp-json\/wp\/v2\/comments?post=2589"}],"version-history":[{"count":2,"href":"https:\/\/quintadeadorigo.com\/en\/wp-json\/wp\/v2\/pages\/2589\/revisions"}],"predecessor-version":[{"id":2850,"href":"https:\/\/quintadeadorigo.com\/en\/wp-json\/wp\/v2\/pages\/2589\/revisions\/2850"}],"wp:attachment":[{"href":"https:\/\/quintadeadorigo.com\/en\/wp-json\/wp\/v2\/media?parent=2589"}],"curies":[{"name":"wp","href":"https:\/\/api.w.org\/{rel}","templated":true}]}}